{"id":1612,"date":"2023-05-15T19:09:04","date_gmt":"2023-05-15T19:09:04","guid":{"rendered":"https:\/\/sarmiento.newweb.cl\/1\/?page_id=1612"},"modified":"2025-06-27T21:53:30","modified_gmt":"2025-06-27T21:53:30","slug":"quienes-somos","status":"publish","type":"page","link":"https:\/\/sarmientos.cl\/constructora\/quienes-somos\/","title":{"rendered":"Quienes Somos"},"content":{"rendered":"\t\t<div data-elementor-type=\"wp-page\" data-elementor-id=\"1612\" class=\"elementor elementor-1612\" data-elementor-post-type=\"page\">\n\t\t\t\t\t\t<section data-particle_enable=\"false\" data-particle-mobile-disabled=\"false\" class=\"elementor-section elementor-top-section elementor-element elementor-element-4d0856e elementor-section-boxed elementor-section-height-default elementor-section-height-default\" data-id=\"4d0856e\" data-element_type=\"section\" data-e-type=\"section\" data-settings=\"{&quot;background_background&quot;:&quot;classic&quot;}\">\n\t\t\t\t\t\t<div class=\"elementor-container elementor-column-gap-wide\">\n\t\t\t\t\t<div class=\"elementor-column elementor-col-100 elementor-top-column elementor-element elementor-element-a60a63f\" data-id=\"a60a63f\" data-element_type=\"column\" data-e-type=\"column\">\n\t\t\t<div class=\"elementor-widget-wrap elementor-element-populated\">\n\t\t\t\t\t\t<div class=\"elementor-element elementor-element-1446b9f elementor-widget elementor-widget-heading\" data-id=\"1446b9f\" data-element_type=\"widget\" data-e-type=\"widget\" data-widget_type=\"heading.default\">\n\t\t\t\t<div class=\"elementor-widget-container\">\n\t\t\t\t\t<h2 class=\"elementor-heading-title elementor-size-default\">QUIENES SOMOS<\/h2>\t\t\t\t<\/div>\n\t\t\t\t<\/div>\n\t\t\t\t<div class=\"elementor-element elementor-element-490bbfa elementor-widget elementor-widget-spacer\" data-id=\"490bbfa\" data-element_type=\"widget\" data-e-type=\"widget\" data-widget_type=\"spacer.default\">\n\t\t\t\t<div class=\"elementor-widget-container\">\n\t\t\t\t\t\t\t<div class=\"elementor-spacer\">\n\t\t\t<div class=\"elementor-spacer-inner\"><\/div>\n\t\t<\/div>\n\t\t\t\t\t\t<\/div>\n\t\t\t\t<\/div>\n\t\t\t\t<div class=\"elementor-element elementor-element-addbf06 elementor-widget elementor-widget-text-editor\" data-id=\"addbf06\" data-element_type=\"widget\" data-e-type=\"widget\" data-widget_type=\"text-editor.default\">\n\t\t\t\t<div class=\"elementor-widget-container\">\n\t\t\t\t\t\t\t\t\t<p><span style=\"vertical-align: inherit;\"><span style=\"vertical-align: inherit;\">Constructora SARMIENTOS SpA, fundada el a\u00f1o 2017 por Cristhian Fern\u00e1ndez Mayer, Constructor Civil UFRO, con trayectoria en el \u00e1mbito Inmobiliario, se ha especializado en la construcci\u00f3n de edificaci\u00f3n de baja altura y obras de urbanizaci\u00f3n.<br \/><br \/><\/span><\/span>Constructora SARMIENTOS SpA, ha participado en proyectos de edificaci\u00f3n y obras civiles, contando con un equipo profesional de experiencia que permite prestar un servicio serio y responsable, basado en la confiabilidad y eficiencia de su equipo humano, lo que nos permite cumplir con excelencia los trabajos encomendados por nuestros clientes.<\/p>\t\t\t\t\t\t\t\t<\/div>\n\t\t\t\t<\/div>\n\t\t\t\t\t<\/div>\n\t\t<\/div>\n\t\t\t\t\t<\/div>\n\t\t<\/section>\n\t\t\t\t<section data-particle_enable=\"false\" data-particle-mobile-disabled=\"false\" class=\"elementor-section elementor-top-section elementor-element elementor-element-8f9c098 elementor-section-boxed elementor-section-height-default elementor-section-height-default\" data-id=\"8f9c098\" data-element_type=\"section\" data-e-type=\"section\">\n\t\t\t\t\t\t<div class=\"elementor-container elementor-column-gap-default\">\n\t\t\t\t\t<div class=\"elementor-column elementor-col-100 elementor-top-column elementor-element elementor-element-62dc566\" data-id=\"62dc566\" data-element_type=\"column\" data-e-type=\"column\">\n\t\t\t<div class=\"elementor-widget-wrap elementor-element-populated\">\n\t\t\t\t\t\t<section data-particle_enable=\"false\" data-particle-mobile-disabled=\"false\" class=\"elementor-section elementor-inner-section elementor-element elementor-element-0069d64 elementor-section-boxed elementor-section-height-default elementor-section-height-default\" data-id=\"0069d64\" data-element_type=\"section\" data-e-type=\"section\">\n\t\t\t\t\t\t<div class=\"elementor-container elementor-column-gap-default\">\n\t\t\t\t\t<div class=\"elementor-column elementor-col-33 elementor-inner-column elementor-element elementor-element-b34bb90\" data-id=\"b34bb90\" data-element_type=\"column\" data-e-type=\"column\">\n\t\t\t<div class=\"elementor-widget-wrap elementor-element-populated\">\n\t\t\t\t\t\t<div class=\"elementor-element elementor-element-59967a0 elementor-widget elementor-widget-text-editor\" data-id=\"59967a0\" data-element_type=\"widget\" data-e-type=\"widget\" data-widget_type=\"text-editor.default\">\n\t\t\t\t<div class=\"elementor-widget-container\">\n\t\t\t\t\t\t\t\t\t<div class=\"et_pb_column et_pb_column_1_3 et_pb_column_0  et_pb_css_mix_blend_mode_passthrough\"><div class=\"et_pb_with_border et_pb_module et_pb_text et_pb_text_0  et_pb_text_align_left et_pb_bg_layout_light\"><div class=\"et_pb_text_inner\"><p><strong>Compromiso, Responsabilidad y Honestidad<\/strong>, as\u00ed como el gusto por la construcci\u00f3n y la satisfacci\u00f3n del cliente, en Sarmientos nos comprometemos a que su proyecto concluya en el tiempo \u00f3ptimo y, por consecuencia, en el menor costo posible, sin sacrificar la calidad. Contamos con personal profesional para llevar a buen t\u00e9rmino el proyecto encomendado. Nuestro valor agregado es la mejor atenci\u00f3n y el buen control de la obra.<\/p><\/div><\/div><\/div><div class=\"et_pb_column et_pb_column_1_3 et_pb_column_1  et_pb_css_mix_blend_mode_passthrough\"><div class=\"et_pb_module et_pb_text et_pb_text_1  et_pb_text_align_left et_pb_bg_layout_light\"><div class=\"et_pb_text_inner\">\u00a0<\/div><\/div><\/div>\t\t\t\t\t\t\t\t<\/div>\n\t\t\t\t<\/div>\n\t\t\t\t\t<\/div>\n\t\t<\/div>\n\t\t\t\t<div class=\"elementor-column elementor-col-33 elementor-inner-column elementor-element elementor-element-1d4d31c\" data-id=\"1d4d31c\" data-element_type=\"column\" data-e-type=\"column\">\n\t\t\t<div class=\"elementor-widget-wrap elementor-element-populated\">\n\t\t\t\t\t\t<div class=\"elementor-element elementor-element-4da3714 elementor-widget elementor-widget-text-editor\" data-id=\"4da3714\" data-element_type=\"widget\" data-e-type=\"widget\" data-widget_type=\"text-editor.default\">\n\t\t\t\t<div class=\"elementor-widget-container\">\n\t\t\t\t\t\t\t\t\t<div class=\"et_pb_column et_pb_column_1_3 et_pb_column_1  et_pb_css_mix_blend_mode_passthrough\"><div class=\"et_pb_module et_pb_text et_pb_text_1  et_pb_text_align_left et_pb_bg_layout_light\"><div class=\"et_pb_text_inner\"><p><strong>Nuestra Misi\u00f3n:<\/strong>\u00a0Ser la mejor opci\u00f3n a nivel centro sur de Chile en Edificaci\u00f3n del segmento Habitacional, Comercial e Industrial. Buscando los mejores tiempos y costos del mercado, comprometidos con la calidad.<\/p><\/div><\/div><\/div><div class=\"et_pb_column et_pb_column_1_3 et_pb_column_2  et_pb_css_mix_blend_mode_passthrough et-last-child\"><div class=\"et_pb_module et_pb_text et_pb_text_2  et_pb_text_align_left et_pb_bg_layout_light\"><div class=\"et_pb_text_inner\">\u00a0<\/div><\/div><\/div>\t\t\t\t\t\t\t\t<\/div>\n\t\t\t\t<\/div>\n\t\t\t\t\t<\/div>\n\t\t<\/div>\n\t\t\t\t<div class=\"elementor-column elementor-col-33 elementor-inner-column elementor-element elementor-element-e2163c3\" data-id=\"e2163c3\" data-element_type=\"column\" data-e-type=\"column\">\n\t\t\t<div class=\"elementor-widget-wrap elementor-element-populated\">\n\t\t\t\t\t\t<div class=\"elementor-element elementor-element-88c78bb elementor-widget elementor-widget-text-editor\" data-id=\"88c78bb\" data-element_type=\"widget\" data-e-type=\"widget\" data-widget_type=\"text-editor.default\">\n\t\t\t\t<div class=\"elementor-widget-container\">\n\t\t\t\t\t\t\t\t\t<div class=\"et_pb_row et_pb_row_0\"><div class=\"et_pb_column et_pb_column_1_3 et_pb_column_2  et_pb_css_mix_blend_mode_passthrough et-last-child\"><div class=\"et_pb_module et_pb_text et_pb_text_2  et_pb_text_align_left et_pb_bg_layout_light\"><div class=\"et_pb_text_inner\"><p><strong>Nuestros Valores:<\/strong>\u00a0El Compromiso y la Responsabilidad para con el cliente y el proyecto son valores clave en Constructora Sarmientos. Es de suma importancia para nosotros una atenci\u00f3n adecuada que finalice en un buen resultado. La honradez a nivel personal y profesional, desarrollada internamente y en la relaci\u00f3n con los clientes, se traduce en un trabajo transparente. Queremos mantener siempre un buen ambiente laboral, con pol\u00edticas de respeto. El trabajo en equipo en Constructora Sarmientos es nuestro mayor activo, pues la empresa la componen personas, y este es el motor que nos mueve.<\/p><\/div><\/div><\/div><\/div><div class=\"et_pb_row et_pb_row_1 et_pb_row_1-4_1-2_1-4\">\u00a0<\/div>\t\t\t\t\t\t\t\t<\/div>\n\t\t\t\t<\/div>\n\t\t\t\t\t<\/div>\n\t\t<\/div>\n\t\t\t\t\t<\/div>\n\t\t<\/section>\n\t\t\t\t\t<\/div>\n\t\t<\/div>\n\t\t\t\t\t<\/div>\n\t\t<\/section>\n\t\t\t\t<\/div>\n\t\t","protected":false},"excerpt":{"rendered":"<p>QUIENES SOMOS Constructora SARMIENTOS SpA, fundada el a\u00f1o 2017 por Cristhian Fern\u00e1ndez Mayer, Constructor Civil UFRO, con trayectoria en el \u00e1mbito Inmobiliario, se ha especializado en la construcci\u00f3n de edificaci\u00f3n de baja altura y obras de urbanizaci\u00f3n. Constructora SARMIENTOS SpA, ha participado en proyectos de edificaci\u00f3n y obras civiles, contando con un equipo profesional de [&hellip;]<\/p>\n","protected":false},"author":1,"featured_media":0,"parent":0,"menu_order":0,"comment_status":"closed","ping_status":"closed","template":"","meta":{"site-sidebar-layout":"no-sidebar","site-content-layout":"page-builder","ast-site-content-layout":"default","site-content-style":"default","site-sidebar-style":"default","ast-global-header-display":"","ast-banner-title-visibility":"","ast-main-header-display":"","ast-hfb-above-header-display":"","ast-hfb-below-header-display":"","ast-hfb-mobile-header-display":"","site-post-title":"disabled","ast-breadcrumbs-content":"","ast-featured-img":"disabled","footer-sml-layout":"","ast-disable-related-posts":"","theme-transparent-header-meta":"","adv-header-id-meta":"","stick-header-meta":"","header-above-stick-meta":"","header-main-stick-meta":"","header-below-stick-meta":"","astra-migrate-meta-layouts":"default","ast-page-background-enabled":"default","ast-page-background-meta":{"desktop":{"background-color":"var(--ast-global-color-4)","background-image":"","background-repeat":"repeat","background-position":"center center","background-size":"auto","background-attachment":"scroll","background-type":"","background-media":"","overlay-type":"","overlay-color":"","overlay-opacity":"","overlay-gradient":""},"tablet":{"background-color":"","background-image":"","background-repeat":"repeat","background-position":"center center","background-size":"auto","background-attachment":"scroll","background-type":"","background-media":"","overlay-type":"","overlay-color":"","overlay-opacity":"","overlay-gradient":""},"mobile":{"background-color":"","background-image":"","background-repeat":"repeat","background-position":"center center","background-size":"auto","background-attachment":"scroll","background-type":"","background-media":"","overlay-type":"","overlay-color":"","overlay-opacity":"","overlay-gradient":""}},"ast-content-background-meta":{"desktop":{"background-color":"var(--ast-global-color-5)","background-image":"","background-repeat":"repeat","background-position":"center center","background-size":"auto","background-attachment":"scroll","background-type":"","background-media":"","overlay-type":"","overlay-color":"","overlay-opacity":"","overlay-gradient":""},"tablet":{"background-color":"var(--ast-global-color-5)","background-image":"","background-repeat":"repeat","background-position":"center center","background-size":"auto","background-attachment":"scroll","background-type":"","background-media":"","overlay-type":"","overlay-color":"","overlay-opacity":"","overlay-gradient":""},"mobile":{"background-color":"var(--ast-global-color-5)","background-image":"","background-repeat":"repeat","background-position":"center center","background-size":"auto","background-attachment":"scroll","background-type":"","background-media":"","overlay-type":"","overlay-color":"","overlay-opacity":"","overlay-gradient":""}},"footnotes":""},"class_list":["post-1612","page","type-page","status-publish","hentry"],"_links":{"self":[{"href":"https:\/\/sarmientos.cl\/constructora\/wp-json\/wp\/v2\/pages\/1612","targetHints":{"allow":["GET"]}}],"collection":[{"href":"https:\/\/sarmientos.cl\/constructora\/wp-json\/wp\/v2\/pages"}],"about":[{"href":"https:\/\/sarmientos.cl\/constructora\/wp-json\/wp\/v2\/types\/page"}],"author":[{"embeddable":true,"href":"https:\/\/sarmientos.cl\/constructora\/wp-json\/wp\/v2\/users\/1"}],"replies":[{"embeddable":true,"href":"https:\/\/sarmientos.cl\/constructora\/wp-json\/wp\/v2\/comments?post=1612"}],"version-history":[{"count":19,"href":"https:\/\/sarmientos.cl\/constructora\/wp-json\/wp\/v2\/pages\/1612\/revisions"}],"predecessor-version":[{"id":2036,"href":"https:\/\/sarmientos.cl\/constructora\/wp-json\/wp\/v2\/pages\/1612\/revisions\/2036"}],"wp:attachment":[{"href":"https:\/\/sarmientos.cl\/constructora\/wp-json\/wp\/v2\/media?parent=1612"}],"curies":[{"name":"wp","href":"https:\/\/api.w.org\/{rel}","templated":true}]}}